{"id":13,"date":"2022-12-27T18:50:51","date_gmt":"2022-12-27T18:50:51","guid":{"rendered":"https:\/\/forkano.net\/?page_id=13"},"modified":"2026-03-13T23:10:47","modified_gmt":"2026-03-13T23:10:47","slug":"inicio","status":"publish","type":"page","link":"https:\/\/forkano.net\/en\/","title":{"rendered":"inicio"},"content":{"rendered":"<div data-elementor-type=\"wp-page\" data-elementor-id=\"13\" class=\"elementor elementor-13\">\n\t\t\t\t\t\t<section class=\"elementor-section elementor-top-section elementor-element elementor-element-2ce0db6 elementor-hidden-desktop elementor-hidden-tablet elementor-hidden-mobile elementor-section-boxed elementor-section-height-default elementor-section-height-default\" data-id=\"2ce0db6\" data-element_type=\"section\" data-e-type=\"section\">\n\t\t\t\t\t\t<div class=\"elementor-container elementor-column-gap-default\">\n\t\t\t\t\t<div class=\"elementor-column elementor-col-100 elementor-top-column elementor-element elementor-element-818bc39\" data-id=\"818bc39\" data-element_type=\"column\" data-e-type=\"column\">\n\t\t\t<div class=\"elementor-widget-wrap elementor-element-populated\">\n\t\t\t\t\t\t<div class=\"elementor-element elementor-element-8656156 elementor-widget elementor-widget-heading\" data-id=\"8656156\" data-element_type=\"widget\" data-e-type=\"widget\" data-widget_type=\"heading.default\">\n\t\t\t\t<div class=\"elementor-widget-container\">\n\t\t\t\t\t<h2 class=\"elementor-heading-title elementor-size-default\"><a href=\"https:\/\/forms.gle\/49fZk79q5Qik1c8g7\">Haga click aqu\u00ed o toque la imagen para completar el formulario de inscripci\u00f3n<\/a><\/h2>\t\t\t\t<\/div>\n\t\t\t\t<\/div>\n\t\t\t\t<div class=\"elementor-element elementor-element-0a2cedb elementor-widget elementor-widget-image\" data-id=\"0a2cedb\" data-element_type=\"widget\" data-e-type=\"widget\" data-widget_type=\"image.default\">\n\t\t\t\t<div class=\"elementor-widget-container\">\n\t\t\t\t\t\t\t\t\t\t\t\t\t\t\t\t<a href=\"https:\/\/forms.gle\/49fZk79q5Qik1c8g7\">\n\t\t\t\t\t\t\t<img fetchpriority=\"high\" decoding=\"async\" width=\"724\" height=\"1024\" src=\"https:\/\/forkano.net\/wp-content\/uploads\/2026\/02\/CursoTurismo-724x1024.jpg\" class=\"attachment-large size-large wp-image-209\" alt=\"\" srcset=\"https:\/\/forkano.net\/wp-content\/uploads\/2026\/02\/CursoTurismo-724x1024.jpg 724w, https:\/\/forkano.net\/wp-content\/uploads\/2026\/02\/CursoTurismo-212x300.jpg 212w, https:\/\/forkano.net\/wp-content\/uploads\/2026\/02\/CursoTurismo-768x1086.jpg 768w, https:\/\/forkano.net\/wp-content\/uploads\/2026\/02\/CursoTurismo-8x12.jpg 8w, https:\/\/forkano.net\/wp-content\/uploads\/2026\/02\/CursoTurismo.jpg 905w\" sizes=\"(max-width: 724px) 100vw, 724px\" \/>\t\t\t\t\t\t\t\t<\/a>\n\t\t\t\t\t\t\t\t\t\t\t\t\t\t\t<\/div>\n\t\t\t\t<\/div>\n\t\t\t\t<div class=\"elementor-element elementor-element-cdc7e89 elementor-widget elementor-widget-heading\" data-id=\"cdc7e89\" data-element_type=\"widget\" data-e-type=\"widget\" data-widget_type=\"heading.default\">\n\t\t\t\t<div class=\"elementor-widget-container\">\n\t\t\t\t\t<h2 class=\"elementor-heading-title elementor-size-default\"><a href=\"https:\/\/forms.gle\/49fZk79q5Qik1c8g7\">Haga click aqu\u00ed para completar el formulario de inscripci\u00f3n<\/a><\/h2>\t\t\t\t<\/div>\n\t\t\t\t<\/div>\n\t\t\t\t\t<\/div>\n\t\t<\/div>\n\t\t\t\t\t<\/div>\n\t\t<\/section>\n\t\t\t\t<section class=\"elementor-section elementor-top-section elementor-element elementor-element-2c0a182 elementor-section-full_width elementor-section-height-min-height elementor-section-stretched elementor-section-height-default elementor-section-items-middle\" data-id=\"2c0a182\" data-element_type=\"section\" data-e-type=\"section\" data-settings=\"{&quot;stretch_section&quot;:&quot;section-stretched&quot;,&quot;background_background&quot;:&quot;gradient&quot;}\">\n\t\t\t\t\t\t<div class=\"elementor-container elementor-column-gap-default\">\n\t\t\t\t\t<div class=\"elementor-column elementor-col-100 elementor-top-column elementor-element elementor-element-e988235\" data-id=\"e988235\" data-element_type=\"column\" data-e-type=\"column\">\n\t\t\t<div class=\"elementor-widget-wrap elementor-element-populated\">\n\t\t\t\t\t\t<div class=\"elementor-element elementor-element-4165473 elementor-widget elementor-widget-heading\" data-id=\"4165473\" data-element_type=\"widget\" data-e-type=\"widget\" data-widget_type=\"heading.default\">\n\t\t\t\t<div class=\"elementor-widget-container\">\n\t\t\t\t\t<h1 class=\"elementor-heading-title elementor-size-default\">Forkano Network<\/h1>\t\t\t\t<\/div>\n\t\t\t\t<\/div>\n\t\t\t\t<div class=\"elementor-element elementor-element-6d13fb6 elementor-widget elementor-widget-text-editor\" data-id=\"6d13fb6\" data-element_type=\"widget\" data-e-type=\"widget\" data-widget_type=\"text-editor.default\">\n\t\t\t\t<div class=\"elementor-widget-container\">\n\t\t\t\t\t\t\t\t\t<p>Forkano's main goal is education, training and participation of all those interested in promoting the adoption of cryptocurrencies and the decentralization of a blockchain.<\/p><p>Forkano is an alternative, versatile and accessible blockchain, with blockchain functionalities from \u00ab<em>third generation<\/em>\u00ab, these include: minting of native tokens and NFTs, execution of smart contracts, and creation of \u00ab<em>staking pools<\/em>\u00ab.<\/p>\t\t\t\t\t\t\t\t<\/div>\n\t\t\t\t<\/div>\n\t\t\t\t\t<\/div>\n\t\t<\/div>\n\t\t\t\t\t<\/div>\n\t\t<\/section>\n\t\t\t\t<section class=\"elementor-section elementor-top-section elementor-element elementor-element-2be0eb3 elementor-section-boxed elementor-section-height-default elementor-section-height-default\" data-id=\"2be0eb3\" data-element_type=\"section\" data-e-type=\"section\">\n\t\t\t\t\t\t<div class=\"elementor-container elementor-column-gap-default\">\n\t\t\t\t\t<div class=\"elementor-column elementor-col-50 elementor-top-column elementor-element elementor-element-c9adcde\" data-id=\"c9adcde\" data-element_type=\"column\" data-e-type=\"column\" data-settings=\"{&quot;background_background&quot;:&quot;classic&quot;}\">\n\t\t\t<div class=\"elementor-widget-wrap elementor-element-populated\">\n\t\t\t\t\t\t<div class=\"elementor-element elementor-element-6e306fa elementor-widget elementor-widget-image\" data-id=\"6e306fa\" data-element_type=\"widget\" data-e-type=\"widget\" data-widget_type=\"image.default\">\n\t\t\t\t<div class=\"elementor-widget-container\">\n\t\t\t\t\t\t\t\t\t\t\t\t\t\t\t<img decoding=\"async\" width=\"150\" height=\"150\" src=\"https:\/\/forkano.net\/wp-content\/uploads\/2022\/12\/vault_icon_alpha_512-150x150.png\" class=\"attachment-thumbnail size-thumbnail wp-image-82\" alt=\"\" srcset=\"https:\/\/forkano.net\/wp-content\/uploads\/2022\/12\/vault_icon_alpha_512-150x150.png 150w, https:\/\/forkano.net\/wp-content\/uploads\/2022\/12\/vault_icon_alpha_512-300x300.png 300w, https:\/\/forkano.net\/wp-content\/uploads\/2022\/12\/vault_icon_alpha_512-12x12.png 12w, https:\/\/forkano.net\/wp-content\/uploads\/2022\/12\/vault_icon_alpha_512.png 512w\" sizes=\"(max-width: 150px) 100vw, 150px\" \/>\t\t\t\t\t\t\t\t\t\t\t\t\t\t\t<\/div>\n\t\t\t\t<\/div>\n\t\t\t\t<div class=\"elementor-element elementor-element-7572c5d elementor-widget elementor-widget-text-editor\" data-id=\"7572c5d\" data-element_type=\"widget\" data-e-type=\"widget\" data-widget_type=\"text-editor.default\">\n\t\t\t\t<div class=\"elementor-widget-container\">\n\t\t\t\t\t\t\t\t\t<h2 dir=\"auto\" style=\"text-align: center;\">What can you do with Forkano?<\/h2><ul dir=\"auto\"><li>Learn how to create and run your own validator node(s)<\/li><li>Learn how to convert your validator node onto a stake pool<\/li><li>Earn rewards in the native Forkano asset (CAP)<\/li><li>Learn how to delegate an receive delegations<\/li><li>Create, mint and transfer assets (tokens)<\/li><li>Create, mint and transfer NFT's <em>Non Forkable Tokens<\/em> \ud83d\ude42<\/li><li>Collaborate with project decentralization<\/li><li>Passing on experience and knowledge<\/li><li>Help generate greater adoption of this type of technology<\/li><li>Learn and teach how to secure your digital assets<\/li><\/ul>\t\t\t\t\t\t\t\t<\/div>\n\t\t\t\t<\/div>\n\t\t\t\t\t<\/div>\n\t\t<\/div>\n\t\t\t\t<div class=\"elementor-column elementor-col-50 elementor-top-column elementor-element elementor-element-2b0059d\" data-id=\"2b0059d\" data-element_type=\"column\" data-e-type=\"column\">\n\t\t\t<div class=\"elementor-widget-wrap elementor-element-populated\">\n\t\t\t\t\t\t<div class=\"elementor-element elementor-element-765a768 elementor-widget elementor-widget-image\" data-id=\"765a768\" data-element_type=\"widget\" data-e-type=\"widget\" data-widget_type=\"image.default\">\n\t\t\t\t<div class=\"elementor-widget-container\">\n\t\t\t\t\t\t\t\t\t\t\t\t\t\t\t<img decoding=\"async\" src=\"https:\/\/forkano.net\/wp-content\/uploads\/elementor\/thumbs\/mobileApp-pzxzfwhg4c44cm71vwvgx3bxjarwjzs2rmwivyvkpe.png\" title=\"mobileApp\" alt=\"mobileApp\" loading=\"lazy\" \/>\t\t\t\t\t\t\t\t\t\t\t\t\t\t\t<\/div>\n\t\t\t\t<\/div>\n\t\t\t\t<div class=\"elementor-element elementor-element-30385fe elementor-widget elementor-widget-text-editor\" data-id=\"30385fe\" data-element_type=\"widget\" data-e-type=\"widget\" data-widget_type=\"text-editor.default\">\n\t\t\t\t<div class=\"elementor-widget-container\">\n\t\t\t\t\t\t\t\t\t<h2 dir=\"auto\" style=\"text-align: center;\">If you have little knowledge in blockchain and cryptocurrencies:<\/h2>\n<ul>\n<li>Download the mobile application on your tablet or smartphone and stay tuned for updates on the latest news at <a href=\"https:\/\/t.me\/forkanonetwork\">Telegram<\/a> and <a href=\"https:\/\/twitter.com\/forkanonetwork\">Twitter<\/a><\/li>\n<li>The following benefits will soon be available\n<ul>\n<li>Request funds to be able to send and receive transactions in CAP or \u00a9<\/li>\n<li>Mint your own token or digital asset<\/li>\n<li>Mint your own NFT<\/li>\n<\/ul>\n<\/li>\n<li><strong>Forkano Vault<\/strong> is now available for iOS and Android from the following links<\/li>\n<\/ul>\t\t\t\t\t\t\t\t<\/div>\n\t\t\t\t<\/div>\n\t\t\t\t<section class=\"elementor-section elementor-inner-section elementor-element elementor-element-27f2d6e elementor-section-boxed elementor-section-height-default elementor-section-height-default\" data-id=\"27f2d6e\" data-element_type=\"section\" data-e-type=\"section\">\n\t\t\t\t\t\t<div class=\"elementor-container elementor-column-gap-default\">\n\t\t\t\t\t<div class=\"elementor-column elementor-col-50 elementor-inner-column elementor-element elementor-element-cf3c22c\" data-id=\"cf3c22c\" data-element_type=\"column\" data-e-type=\"column\">\n\t\t\t<div class=\"elementor-widget-wrap elementor-element-populated\">\n\t\t\t\t\t\t<div class=\"elementor-element elementor-element-4b34538 elementor-widget elementor-widget-image\" data-id=\"4b34538\" data-element_type=\"widget\" data-e-type=\"widget\" data-widget_type=\"image.default\">\n\t\t\t\t<div class=\"elementor-widget-container\">\n\t\t\t\t\t\t\t\t\t\t\t\t\t\t\t\t<a href=\"https:\/\/apps.apple.com\/us\/app\/forkano-vault\/id1661532821\">\n\t\t\t\t\t\t\t<img decoding=\"async\" width=\"300\" height=\"300\" src=\"https:\/\/forkano.net\/wp-content\/uploads\/2022\/12\/AppStoreLogo-300x300.png\" class=\"attachment-medium size-medium wp-image-97\" alt=\"\" srcset=\"https:\/\/forkano.net\/wp-content\/uploads\/2022\/12\/AppStoreLogo-300x300.png 300w, https:\/\/forkano.net\/wp-content\/uploads\/2022\/12\/AppStoreLogo.png 1024w, https:\/\/forkano.net\/wp-content\/uploads\/2022\/12\/AppStoreLogo-150x150.png 150w, https:\/\/forkano.net\/wp-content\/uploads\/2022\/12\/AppStoreLogo-768x768.png 768w, https:\/\/forkano.net\/wp-content\/uploads\/2022\/12\/AppStoreLogo-12x12.png 12w, https:\/\/forkano.net\/wp-content\/uploads\/2022\/12\/AppStoreLogo-600x600.png 600w\" sizes=\"(max-width: 300px) 100vw, 300px\" \/>\t\t\t\t\t\t\t\t<\/a>\n\t\t\t\t\t\t\t\t\t\t\t\t\t\t\t<\/div>\n\t\t\t\t<\/div>\n\t\t\t\t\t<\/div>\n\t\t<\/div>\n\t\t\t\t<div class=\"elementor-column elementor-col-50 elementor-inner-column elementor-element elementor-element-ad94044\" data-id=\"ad94044\" data-element_type=\"column\" data-e-type=\"column\">\n\t\t\t<div class=\"elementor-widget-wrap elementor-element-populated\">\n\t\t\t\t\t\t<div class=\"elementor-element elementor-element-5e6eb04 elementor-widget elementor-widget-image\" data-id=\"5e6eb04\" data-element_type=\"widget\" data-e-type=\"widget\" data-widget_type=\"image.default\">\n\t\t\t\t<div class=\"elementor-widget-container\">\n\t\t\t\t\t\t\t\t\t\t\t\t\t\t\t\t<a href=\"https:\/\/play.google.com\/store\/apps\/details?id=org.tkcoin.forkanovault\">\n\t\t\t\t\t\t\t<img loading=\"lazy\" decoding=\"async\" width=\"300\" height=\"300\" src=\"https:\/\/forkano.net\/wp-content\/uploads\/2022\/12\/PlayStoreLogo-300x300.png\" class=\"attachment-medium size-medium wp-image-96\" alt=\"\" srcset=\"https:\/\/forkano.net\/wp-content\/uploads\/2022\/12\/PlayStoreLogo-300x300.png 300w, https:\/\/forkano.net\/wp-content\/uploads\/2022\/12\/PlayStoreLogo.png 1024w, https:\/\/forkano.net\/wp-content\/uploads\/2022\/12\/PlayStoreLogo-150x150.png 150w, https:\/\/forkano.net\/wp-content\/uploads\/2022\/12\/PlayStoreLogo-768x768.png 768w, https:\/\/forkano.net\/wp-content\/uploads\/2022\/12\/PlayStoreLogo-12x12.png 12w, https:\/\/forkano.net\/wp-content\/uploads\/2022\/12\/PlayStoreLogo-600x600.png 600w\" sizes=\"(max-width: 300px) 100vw, 300px\" \/>\t\t\t\t\t\t\t\t<\/a>\n\t\t\t\t\t\t\t\t\t\t\t\t\t\t\t<\/div>\n\t\t\t\t<\/div>\n\t\t\t\t\t<\/div>\n\t\t<\/div>\n\t\t\t\t\t<\/div>\n\t\t<\/section>\n\t\t\t\t\t<\/div>\n\t\t<\/div>\n\t\t\t\t\t<\/div>\n\t\t<\/section>\n\t\t\t\t<section class=\"elementor-section elementor-top-section elementor-element elementor-element-6932af1 elementor-section-boxed elementor-section-height-default elementor-section-height-default\" data-id=\"6932af1\" data-element_type=\"section\" data-e-type=\"section\">\n\t\t\t\t\t\t<div class=\"elementor-container elementor-column-gap-default\">\n\t\t\t\t\t<div class=\"elementor-column elementor-col-50 elementor-top-column elementor-element elementor-element-0053efc\" data-id=\"0053efc\" data-element_type=\"column\" data-e-type=\"column\" data-settings=\"{&quot;background_background&quot;:&quot;classic&quot;}\">\n\t\t\t<div class=\"elementor-widget-wrap elementor-element-populated\">\n\t\t\t\t\t\t<div class=\"elementor-element elementor-element-0f288a3 elementor-widget elementor-widget-image\" data-id=\"0f288a3\" data-element_type=\"widget\" data-e-type=\"widget\" data-widget_type=\"image.default\">\n\t\t\t\t<div class=\"elementor-widget-container\">\n\t\t\t\t\t\t\t\t\t\t\t\t\t\t\t<img loading=\"lazy\" decoding=\"async\" width=\"150\" height=\"150\" src=\"https:\/\/forkano.net\/wp-content\/uploads\/2022\/12\/github-mark-150x150.png\" class=\"attachment-thumbnail size-thumbnail wp-image-92\" alt=\"\" srcset=\"https:\/\/forkano.net\/wp-content\/uploads\/2022\/12\/github-mark-150x150.png 150w, https:\/\/forkano.net\/wp-content\/uploads\/2022\/12\/github-mark-12x12.png 12w, https:\/\/forkano.net\/wp-content\/uploads\/2022\/12\/github-mark.png 240w\" sizes=\"(max-width: 150px) 100vw, 150px\" \/>\t\t\t\t\t\t\t\t\t\t\t\t\t\t\t<\/div>\n\t\t\t\t<\/div>\n\t\t\t\t<div class=\"elementor-element elementor-element-272798e elementor-widget elementor-widget-text-editor\" data-id=\"272798e\" data-element_type=\"widget\" data-e-type=\"widget\" data-widget_type=\"text-editor.default\">\n\t\t\t\t<div class=\"elementor-widget-container\">\n\t\t\t\t\t\t\t\t\t<h2 dir=\"auto\" style=\"text-align: center;\">If you have advanced knowledge, we invite you to create your own staking pool:<\/h2><ul><li>Visit the <span style=\"text-decoration: underline;\"><a href=\"https:\/\/github.com\/forkanonetwork\/genesis\">next link<\/a><\/span> and follow the instructions!<\/li><li>You must have Docker installed<\/li><li>Minimal knowledge of CLI - Command Line Interface is required<\/li><li>Once you have your node running you can turn it into a Staking Pool - Block Producing Node<\/li><li>If you run a Block Producer node, you can request that, <strong>from Forkano's treasury (see Tokenomics)<\/strong>, 1,000,000 CAP to be delegated for your node to compete equally with the rest of the nodes, produce blocks and receive rewards in CAP or \u00a9. You must complete the <a href=\"https:\/\/forkano.net\/en\/registro-de-pool-de-staking\/\"><span style=\"text-decoration: underline;\">next form<\/span><\/a> to apply for delegation<\/li><\/ul><div>\u00a0<\/div>\t\t\t\t\t\t\t\t<\/div>\n\t\t\t\t<\/div>\n\t\t\t\t\t<\/div>\n\t\t<\/div>\n\t\t\t\t<div class=\"elementor-column elementor-col-50 elementor-top-column elementor-element elementor-element-dd6f6f9\" data-id=\"dd6f6f9\" data-element_type=\"column\" data-e-type=\"column\">\n\t\t\t<div class=\"elementor-widget-wrap elementor-element-populated\">\n\t\t\t\t\t\t<div class=\"elementor-element elementor-element-8e033f5 elementor-widget elementor-widget-image\" data-id=\"8e033f5\" data-element_type=\"widget\" data-e-type=\"widget\" data-widget_type=\"image.default\">\n\t\t\t\t<div class=\"elementor-widget-container\">\n\t\t\t\t\t\t\t\t\t\t\t\t\t\t\t<img decoding=\"async\" src=\"https:\/\/forkano.net\/wp-content\/uploads\/elementor\/thumbs\/CAP-pzsugye7usinh6orgjojwgd613vkkq7zwwpzxg5wfa.png\" title=\"CAP\" alt=\"CAP\" loading=\"lazy\" \/>\t\t\t\t\t\t\t\t\t\t\t\t\t\t\t<\/div>\n\t\t\t\t<\/div>\n\t\t\t\t<div class=\"elementor-element elementor-element-1dc6d46 elementor-widget elementor-widget-text-editor\" data-id=\"1dc6d46\" data-element_type=\"widget\" data-e-type=\"widget\" data-widget_type=\"text-editor.default\">\n\t\t\t\t<div class=\"elementor-widget-container\">\n\t\t\t\t\t\t\t\t\t<h2 dir=\"auto\" style=\"text-align: center;\">Policies and Tokenomics<\/h2>\n<ul dir=\"auto\">\n<li>This policies describes the Forkano Network \"initial laws\" and the \"behavior\".<br><ul dir=\"auto\">\n<li>The main token of the Forkano Network will be named as CAP or \u00a9<br><ul dir=\"auto\"><\/ul>\n<\/li>\n<li>Limited supply of \u00a9 10,000,000,000 CAP<\/li>\n<li>Initial supply of \u00a9 ~168,000,000 CAP (<strong>Forkano's treasury<\/strong>)<\/li>\n<\/ul>\n<\/li>\n<li>\u00a9 100,000,000 million, from the initial supply, will be treated as whale wallets, for delegating to the first 100 staking pools created<br><ul dir=\"auto\">\n<li>Every new staking pool, will have delegated from this whale wallets, \u00a9 1,000,000 CAP each, to ensure equity and fair competition between pools<\/li>\n<li>After certain time, to be determined (could be 150 epoch, which are 150 days ~5 months), the pool will have enough rewards, the \u00a9 1,000,000 delegated will be retired and destined to another new pool, again, to ensure equity and fair competition<\/li>\n<\/ul>\n<\/li><\/ul>\t\t\t\t\t\t\t\t<\/div>\n\t\t\t\t<\/div>\n\t\t\t\t\t<\/div>\n\t\t<\/div>\n\t\t\t\t\t<\/div>\n\t\t<\/section>\n\t\t\t\t<section class=\"elementor-section elementor-top-section elementor-element elementor-element-0b3883f elementor-section-boxed elementor-section-height-default elementor-section-height-default\" data-id=\"0b3883f\" data-element_type=\"section\" data-e-type=\"section\">\n\t\t\t\t\t\t<div class=\"elementor-container elementor-column-gap-default\">\n\t\t\t\t\t<div class=\"elementor-column elementor-col-100 elementor-top-column elementor-element elementor-element-212d844\" data-id=\"212d844\" data-element_type=\"column\" data-e-type=\"column\">\n\t\t\t<div class=\"elementor-widget-wrap\">\n\t\t\t\t\t\t\t<\/div>\n\t\t<\/div>\n\t\t\t\t\t<\/div>\n\t\t<\/section>\n\t\t\t\t<\/div>","protected":false},"excerpt":{"rendered":"<p>Haga click aqu\u00ed o toque la imagen para completar el formulario de inscripci\u00f3n Haga click aqu\u00ed para completar el formulario de inscripci\u00f3n Forkano Network El objetivo principal de Forkano es la educaci\u00f3n, el entrenamiento y la participaci\u00f3n de todos aquellos interesados en promover la adopci\u00f3n de las criptomonedas y la descentralizaci\u00f3n de una blockchain. Forkano [&hellip;]<\/p>\n","protected":false},"author":2,"featured_media":0,"parent":0,"menu_order":0,"comment_status":"closed","ping_status":"closed","template":"","meta":{"ocean_post_layout":"full-width","ocean_both_sidebars_style":"","ocean_both_sidebars_content_width":0,"ocean_both_sidebars_sidebars_width":0,"ocean_sidebar":"0","ocean_second_sidebar":"0","ocean_disable_margins":"on","ocean_add_body_class":"","ocean_shortcode_before_top_bar":"","ocean_shortcode_after_top_bar":"","ocean_shortcode_before_header":"","ocean_shortcode_after_header":"","ocean_has_shortcode":"","ocean_shortcode_after_title":"","ocean_shortcode_before_footer_widgets":"","ocean_shortcode_after_footer_widgets":"","ocean_shortcode_before_footer_bottom":"","ocean_shortcode_after_footer_bottom":"","ocean_display_top_bar":"default","ocean_display_header":"default","ocean_header_style":"","ocean_center_header_left_menu":"0","ocean_custom_header_template":"0","ocean_custom_logo":0,"ocean_custom_retina_logo":0,"ocean_custom_logo_max_width":0,"ocean_custom_logo_tablet_max_width":0,"ocean_custom_logo_mobile_max_width":0,"ocean_custom_logo_max_height":0,"ocean_custom_logo_tablet_max_height":0,"ocean_custom_logo_mobile_max_height":0,"ocean_header_custom_menu":"0","ocean_menu_typo_font_family":"0","ocean_menu_typo_font_subset":"","ocean_menu_typo_font_size":0,"ocean_menu_typo_font_size_tablet":0,"ocean_menu_typo_font_size_mobile":0,"ocean_menu_typo_font_size_unit":"px","ocean_menu_typo_font_weight":"","ocean_menu_typo_font_weight_tablet":"","ocean_menu_typo_font_weight_mobile":"","ocean_menu_typo_transform":"","ocean_menu_typo_transform_tablet":"","ocean_menu_typo_transform_mobile":"","ocean_menu_typo_line_height":0,"ocean_menu_typo_line_height_tablet":0,"ocean_menu_typo_line_height_mobile":0,"ocean_menu_typo_line_height_unit":"","ocean_menu_typo_spacing":0,"ocean_menu_typo_spacing_tablet":0,"ocean_menu_typo_spacing_mobile":0,"ocean_menu_typo_spacing_unit":"","ocean_menu_link_color":"","ocean_menu_link_color_hover":"","ocean_menu_link_color_active":"","ocean_menu_link_background":"","ocean_menu_link_hover_background":"","ocean_menu_link_active_background":"","ocean_menu_social_links_bg":"","ocean_menu_social_hover_links_bg":"","ocean_menu_social_links_color":"","ocean_menu_social_hover_links_color":"","ocean_disable_title":"default","ocean_disable_heading":"default","ocean_post_title":"","ocean_post_subheading":"","ocean_post_title_style":"","ocean_post_title_background_color":"","ocean_post_title_background":0,"ocean_post_title_bg_image_position":"","ocean_post_title_bg_image_attachment":"","ocean_post_title_bg_image_repeat":"","ocean_post_title_bg_image_size":"","ocean_post_title_height":0,"ocean_post_title_bg_overlay":0.5,"ocean_post_title_bg_overlay_color":"","ocean_disable_breadcrumbs":"default","ocean_breadcrumbs_color":"","ocean_breadcrumbs_separator_color":"","ocean_breadcrumbs_links_color":"","ocean_breadcrumbs_links_hover_color":"","ocean_display_footer_widgets":"default","ocean_display_footer_bottom":"default","ocean_custom_footer_template":"0","footnotes":""},"class_list":["post-13","page","type-page","status-publish","hentry","entry"],"_links":{"self":[{"href":"https:\/\/forkano.net\/en\/wp-json\/wp\/v2\/pages\/13","targetHints":{"allow":["GET"]}}],"collection":[{"href":"https:\/\/forkano.net\/en\/wp-json\/wp\/v2\/pages"}],"about":[{"href":"https:\/\/forkano.net\/en\/wp-json\/wp\/v2\/types\/page"}],"author":[{"embeddable":true,"href":"https:\/\/forkano.net\/en\/wp-json\/wp\/v2\/users\/2"}],"replies":[{"embeddable":true,"href":"https:\/\/forkano.net\/en\/wp-json\/wp\/v2\/comments?post=13"}],"version-history":[{"count":121,"href":"https:\/\/forkano.net\/en\/wp-json\/wp\/v2\/pages\/13\/revisions"}],"predecessor-version":[{"id":226,"href":"https:\/\/forkano.net\/en\/wp-json\/wp\/v2\/pages\/13\/revisions\/226"}],"wp:attachment":[{"href":"https:\/\/forkano.net\/en\/wp-json\/wp\/v2\/media?parent=13"}],"curies":[{"name":"wp","href":"https:\/\/api.w.org\/{rel}","templated":true}]}}